{"id":1405,"date":"2017-06-27T12:12:30","date_gmt":"2017-06-27T12:12:30","guid":{"rendered":"http:\/\/localhost:8888\/arabian-spirit\/conditions-generales\/"},"modified":"2019-10-28T17:14:06","modified_gmt":"2019-10-28T17:14:06","slug":"conditions-generales","status":"publish","type":"page","link":"https:\/\/arabianspirit.com\/en\/conditions-generales\/","title":{"rendered":"Conditions G\u00e9n\u00e9rales"},"content":{"rendered":"<p><strong><br \/>\nCONDITIONS 2017<\/strong><\/p>\n<p><span style=\"color: #333333;\">En respect avec la l\u00e9gislation locale et les usages aux \u00e9mirats, nos conditions de ventes et d\u2019annulation sont les suivantes:<\/span><\/p>\n<p><strong>VOYAGEURS INDIVIDUELS :<\/strong><br \/>\n<span style=\"color: #333333;\">\u2022 D\u00e8s acceptation du devis, un acompte de blocage de 50% est demand\u00e9<\/span><br \/>\n<span style=\"color: #333333;\"> \u2022 1 mois avant le d\u00e9part, le solde du voyage doit \u00eatre r\u00e9gl\u00e9,<\/span><br \/>\n<span style=\"color: #333333;\"> Nos conditions d\u2019annulation et de remboursement:<\/span><br \/>\n<span style=\"color: #333333;\"> \u2022 Entre 30 et 8 jours : 50 % du montant du voyage est retenu<\/span><br \/>\n<span style=\"color: #333333;\"> \u2022 Entre 7 jours et l\u2019arriv\u00e9e : 100 % du montant du voyage est retenu<\/span><br \/>\n<span style=\"color: #333333;\"> Nous vous conseillons de souscrire \u00e0 une assurance annulation en France.<\/span><\/p>\n<p><em><span style=\"color: #ff6600;\">Attention, selon l\u2019h\u00f4tel choisi les conditions d\u2019annulation peuvent varier.<\/span><br \/>\n<\/em><br \/>\n<strong>VOYAGE EN GROUPE :<\/strong><br \/>\n<span style=\"color: #333333;\">\u2022 D\u00e8s acceptation du devis et confirmation du groupe, un acompte de blocage de 30% est demand\u00e9<\/span><br \/>\n<span style=\"color: #333333;\"> \u2022 60 jours avant l\u2019arriv\u00e9e du groupe, 50% du solde restant doit \u00eatre vers\u00e9<\/span><br \/>\n<span style=\"color: #333333;\"> \u2022 1 mois avant le d\u00e9part, le solde du voyage doit \u00eatre r\u00e9gl\u00e9, soit les derniers 20%<\/span><br \/>\n<span style=\"color: #333333;\"> \u2022 En cas de devis \u00e0 moins d\u20191 mois du d\u00e9part, le voyage doit \u00eatre r\u00e9gl\u00e9 en totalit\u00e9.<\/span><br \/>\n<span style=\"color: #333333;\"> Nos conditions d\u2019annulation et de remboursement:<\/span><br \/>\n<span style=\"color: #333333;\"> \u2022 Entre 90 et 30 jours : 30 % du montant du voyage est retenu<\/span><br \/>\n<span style=\"color: #333333;\"> \u2022 Entre 29 et 8 jours : 50 % du montant du voyage est retenu<\/span><br \/>\n<span style=\"color: #333333;\"> \u2022 Entre 7 jours et l\u2019arriv\u00e9e : 100 % du montant du voyage est retenu<\/span><\/p>\n<p><span style=\"color: #ff6600;\"><em>Attention, selon l\u2019h\u00f4tel choisi les conditions d\u2019annulation peuvent varier.<\/em><\/span><\/p>\n<p>&nbsp;<\/p>\n","protected":false},"excerpt":{"rendered":"<p>CONDITIONS 2017 En respect avec la l\u00e9gislation locale et les usages aux \u00e9mirats, nos conditions de ventes et d\u2019annulation sont les suivantes: VOYAGEURS INDIVIDUELS : \u2022 D\u00e8s acceptation du devis, un acompte de blocage de 50% est demand\u00e9 \u2022 1 mois avant le d\u00e9part, le solde du voyage doit \u00eatre r\u00e9gl\u00e9, Nos conditions d\u2019annulation et [&hellip;]<\/p>\n","protected":false},"author":1,"featured_media":0,"parent":0,"menu_order":0,"comment_status":"closed","ping_status":"closed","template":"conditions.php","meta":{"footnotes":""},"class_list":["post-1405","page","type-page","status-publish","hentry"],"_links":{"self":[{"href":"https:\/\/arabianspirit.com\/en\/wp-json\/wp\/v2\/pages\/1405","targetHints":{"allow":["GET"]}}],"collection":[{"href":"https:\/\/arabianspirit.com\/en\/wp-json\/wp\/v2\/pages"}],"about":[{"href":"https:\/\/arabianspirit.com\/en\/wp-json\/wp\/v2\/types\/page"}],"author":[{"embeddable":true,"href":"https:\/\/arabianspirit.com\/en\/wp-json\/wp\/v2\/users\/1"}],"replies":[{"embeddable":true,"href":"https:\/\/arabianspirit.com\/en\/wp-json\/wp\/v2\/comments?post=1405"}],"version-history":[{"count":2,"href":"https:\/\/arabianspirit.com\/en\/wp-json\/wp\/v2\/pages\/1405\/revisions"}],"predecessor-version":[{"id":1876,"href":"https:\/\/arabianspirit.com\/en\/wp-json\/wp\/v2\/pages\/1405\/revisions\/1876"}],"wp:attachment":[{"href":"https:\/\/arabianspirit.com\/en\/wp-json\/wp\/v2\/media?parent=1405"}],"curies":[{"name":"wp","href":"https:\/\/api.w.org\/{rel}","templated":true}]}}