{"id":1410,"date":"2017-07-12T11:40:41","date_gmt":"2017-07-12T11:40:41","guid":{"rendered":"http:\/\/localhost:8888\/arabian-spirit\/site-map\/"},"modified":"2017-07-12T11:40:41","modified_gmt":"2017-07-12T11:40:41","slug":"site-map","status":"publish","type":"page","link":"https:\/\/arabianspirit.com\/en\/site-map\/","title":{"rendered":"Site Map"},"content":{"rendered":"<div class=\"wsp-container\"><h2 class=\"wsp-pages-title\">Pages<\/h2>\n<ul class=\"wsp-pages-list\">\n<li class=\"page_item page-item-1404\"><a href=\"https:\/\/arabianspirit.com\/en\/activites\/\">Activties<\/a><\/li>\n<li class=\"page_item page-item-1405\"><a href=\"https:\/\/arabianspirit.com\/en\/conditions-generales\/\">Conditions G\u00e9n\u00e9rales<\/a><\/li>\n<li class=\"page_item page-item-1450\"><a href=\"https:\/\/arabianspirit.com\/en\/contact\/\">Contact<\/a><\/li>\n<li class=\"page_item page-item-1406 page_item_has_children\"><a href=\"https:\/\/arabianspirit.com\/en\/plus-belles-destinations-des-emirats-arabes-unis-dubai-abu-dhabi-fujairah-et-visite-du-sultanat-d-oman\/\">Destinations<\/a>\n<ul class='children'>\n\t<li class=\"page_item page-item-1407\"><a href=\"https:\/\/arabianspirit.com\/en\/plus-belles-destinations-des-emirats-arabes-unis-dubai-abu-dhabi-fujairah-et-visite-du-sultanat-d-oman\/emirates\/\">Les \u00e9mirats<\/a><\/li>\n\t<li class=\"page_item page-item-1408\"><a href=\"https:\/\/arabianspirit.com\/en\/plus-belles-destinations-des-emirats-arabes-unis-dubai-abu-dhabi-fujairah-et-visite-du-sultanat-d-oman\/oman\/\">Oman<\/a><\/li>\n<\/ul>\n<\/li>\n<li class=\"page_item page-item-2396\"><a href=\"https:\/\/arabianspirit.com\/en\/groupe\/\">Groupe<\/a><\/li>\n<li class=\"page_item page-item-1215\"><a href=\"https:\/\/arabianspirit.com\/en\/\">Home<\/a><\/li>\n<li class=\"page_item page-item-2389\"><a href=\"https:\/\/arabianspirit.com\/en\/m-i-c-e\/\">M.I.C.E<\/a><\/li>\n<li class=\"page_item page-item-2303\"><a href=\"https:\/\/arabianspirit.com\/en\/news\/\">News<\/a><\/li>\n<li class=\"page_item page-item-2165\"><a href=\"https:\/\/arabianspirit.com\/en\/our-hotels\/\">Our hotels<\/a><\/li>\n<li class=\"page_item page-item-1410\"><a href=\"https:\/\/arabianspirit.com\/en\/site-map\/\">Site Map<\/a><\/li>\n<li class=\"page_item page-item-1409\"><a href=\"https:\/\/arabianspirit.com\/en\/agence-receptive-francaise-a-dubai-arabian-spirit\/\">THE AGENCY<\/a><\/li>\n<\/ul>\n<h2 class=\"wsp-posts-title\">Posts by category<\/h2>\n<ul class=\"wsp-posts-list\">\n\t<li><strong class=\"wsp-category-title\">Category: <a href=\"https:\/\/arabianspirit.com\/en\/category\/4-etoiles\/\">4 \u00e9toiles<\/a><\/strong>\n<\/li>\n\t<li><strong class=\"wsp-category-title\">Category: <a href=\"https:\/\/arabianspirit.com\/en\/category\/5-etoiles\/\">5 \u00e9toiles<\/a><\/strong>\n<\/li>\n\t<li><strong class=\"wsp-category-title\">Category: <a href=\"https:\/\/arabianspirit.com\/en\/category\/mice-en\/\">MICE<\/a><\/strong>\n<\/li>\n\t<li><strong class=\"wsp-category-title\">Category: <a href=\"https:\/\/arabianspirit.com\/en\/category\/oman-en\/\">Oman<\/a><\/strong>\n<\/li>\n\t<li><strong class=\"wsp-category-title\">Category: <a href=\"https:\/\/arabianspirit.com\/en\/category\/qatar-en\/\">Qatar<\/a><\/strong>\n<\/li>\n\t<li><strong class=\"wsp-category-title\">Category: <a href=\"https:\/\/arabianspirit.com\/en\/category\/united-arab-emirates\/\">United Arab Emirates<\/a><\/strong>\n<\/li>\n<\/ul>\n<h2 class=\"wsp-mices-title\">MICE<\/h2>\n<ul class=\"wsp-mices-list\">\n<li><a href=\"https:\/\/arabianspirit.com\/en\/mice\/business-trip\/\">Business trip<\/a><\/li>\n<li><a href=\"https:\/\/arabianspirit.com\/en\/mice\/incentives\/\">Incentives<\/a><\/li>\n<li><a href=\"https:\/\/arabianspirit.com\/en\/mice\/events\/\">Events<\/a><\/li>\n<li><a href=\"https:\/\/arabianspirit.com\/en\/mice\/conferences\/\">Conferences<\/a><\/li>\n<\/ul>\n<h2 class=\"wsp-activitiess-title\">Exclusivites<\/h2>\n<ul class=\"wsp-activitiess-list\">\n<li><a href=\"https:\/\/arabianspirit.com\/en\/activities\/les-exclusivites-arabian-spirit\/\">Our Exclusivities Arabian Spirit<\/a><\/li>\n<\/ul>\n<h2 class=\"wsp-newss-title\">News<\/h2>\n<ul class=\"wsp-newss-list\">\n<li><a href=\"https:\/\/arabianspirit.com\/en\/news\/5-fun-facts-about-dubai\/\">5 fun facts about Duba\u00ef<\/a><\/li>\n<li><a href=\"https:\/\/arabianspirit.com\/en\/news\/qatar-an-emerging-destination-for-group-tours\/\">Qatar, an emerging destination for group tours<\/a><\/li>\n<li><a href=\"https:\/\/arabianspirit.com\/en\/news\/investing-in-business-travel-to-boost-your-team-building-5-compelling-reasons\/\">Investing in business travel to boost your team building: 5 compelling reasons<\/a><\/li>\n<li><a href=\"https:\/\/arabianspirit.com\/en\/news\/must-do-activities-in-oman\/\">Must-Do Activities in Oman<\/a><\/li>\n<li><a href=\"https:\/\/arabianspirit.com\/en\/news\/5-good-reasons-to-entrust-your-corporate-event-to-a-mice-expert\/\">5 good reasons to entrust your corporate event to a MICE expert<\/a><\/li>\n<li><a href=\"https:\/\/arabianspirit.com\/en\/news\/discover-the-hidden-treasures-of-dubai\/\">Discover the Hidden Treasures of Dubai<\/a><\/li>\n<\/ul>\n<h2 class=\"wsp-destinationss-title\">Destinations<\/h2>\n<ul class=\"wsp-destinationss-list\">\n<li><a href=\"https:\/\/arabianspirit.com\/en\/destinations\/al-ain\/\">Al Ain<\/a><\/li>\n<li><a href=\"https:\/\/arabianspirit.com\/en\/destinations\/jebel-shams\/\">Jebel Shams<\/a><\/li>\n<li><a href=\"https:\/\/arabianspirit.com\/en\/destinations\/wadi-shab-sur-ras-al-hadd\/\">Wadi Shab - Sur - Ras Al Hadd<\/a><\/li>\n<li><a href=\"https:\/\/arabianspirit.com\/en\/destinations\/nizwa\/\">Nizwa<\/a><\/li>\n<li><a href=\"https:\/\/arabianspirit.com\/en\/destinations\/wahiba-sands\/\">Wadi Bani Khalid & Wahiba Sands<\/a><\/li>\n<li><a href=\"https:\/\/arabianspirit.com\/en\/destinations\/muscat\/\">MUSCAT<\/a><\/li>\n<li><a href=\"https:\/\/arabianspirit.com\/en\/destinations\/visite-de-mousandan-et-ballade-en-bateau-pour-faire-de-la-plongee-et-pour-voir-les-dauphins\/\">Musandam- Collective Tour<\/a><\/li>\n<li><a href=\"https:\/\/arabianspirit.com\/en\/destinations\/visite-de-dubai-du-burj-khalifa-et-faire-des-activites-sensationnelles-et-uniques\/\">Dubai<\/a><\/li>\n<li><a href=\"https:\/\/arabianspirit.com\/en\/destinations\/visite-de-abu-dhabi-et-de-la-grand-mosquee-sheikh-zayed\/\">Abu Dhabi<\/a><\/li>\n<li><a href=\"https:\/\/arabianspirit.com\/en\/destinations\/visite-de-sharjah-capitale-cuturelle-des-emirats\/\">Sharjah<\/a><\/li>\n<li><a href=\"https:\/\/arabianspirit.com\/en\/destinations\/visite-de-ras-al-khaimah\/\">Ras Al Khaimah<\/a><\/li>\n<li><a href=\"https:\/\/arabianspirit.com\/en\/destinations\/visite-de-fujairah\/\">Fujairah<\/a><\/li>\n<li><a href=\"https:\/\/arabianspirit.com\/en\/destinations\/visite-de-ajman\/\">Ajman<\/a><\/li>\n<li><a href=\"https:\/\/arabianspirit.com\/en\/destinations\/visite-de-umm-al-quwain\/\">Umm Al Quwain<\/a><\/li>\n<\/ul>\n<h2 class=\"wsp-activitydetailss-title\">ActivityDetails<\/h2>\n<ul class=\"wsp-activitydetailss-list\">\n<li><a href=\"https:\/\/arabianspirit.com\/en\/activitydetails\/emirati-aperitif\/\">EMIRATI APERITIF<\/a><\/li>\n<li><a href=\"https:\/\/arabianspirit.com\/en\/activitydetails\/private-safari\/\">PRIVATE SAFARI<\/a><\/li>\n<li><a href=\"https:\/\/arabianspirit.com\/en\/activitydetails\/atlantis-the-palm\/\">ATLANTIS THE PALM<\/a><\/li>\n<li><a href=\"https:\/\/arabianspirit.com\/en\/activitydetails\/desert-safari-vip\/\">DESERT SAFARI VIP<\/a><\/li>\n<li><a href=\"https:\/\/arabianspirit.com\/en\/activitydetails\/e-foil\/\">E-FOIL<\/a><\/li>\n<li><a href=\"https:\/\/arabianspirit.com\/en\/activitydetails\/ferrari-world\/\">FERRARI WORLD<\/a><\/li>\n<li><a href=\"https:\/\/arabianspirit.com\/en\/activitydetails\/fly-board\/\">FLY BOARD<\/a><\/li>\n<li><a href=\"https:\/\/arabianspirit.com\/en\/activitydetails\/the-frame\/\">THE FRAME<\/a><\/li>\n<li><a href=\"https:\/\/arabianspirit.com\/en\/activitydetails\/x-line-2\/\">X-LINE<\/a><\/li>\n<li><a href=\"https:\/\/arabianspirit.com\/en\/activitydetails\/x-line\/\">X-LINE<\/a><\/li>\n<li><a href=\"https:\/\/arabianspirit.com\/en\/activitydetails\/vintage-safari\/\">VINTAGE SAFARI<\/a><\/li>\n<li><a href=\"https:\/\/arabianspirit.com\/en\/activitydetails\/fat-biking-in-the-desert\/\">FAT BIKING IN THE DESERT<\/a><\/li>\n<li><a href=\"https:\/\/arabianspirit.com\/en\/activitydetails\/i-fly\/\">i-Fly<\/a><\/li>\n<li><a href=\"https:\/\/arabianspirit.com\/en\/activitydetails\/ski-dubai\/\">Ski Dubai<\/a><\/li>\n<li><a href=\"https:\/\/arabianspirit.com\/en\/activitydetails\/safari-en-quad\/\">QUAD SAFARI<\/a><\/li>\n<li><a href=\"https:\/\/arabianspirit.com\/en\/activitydetails\/jet-ski\/\">JET - SKI<\/a><\/li>\n<li><a href=\"https:\/\/arabianspirit.com\/en\/activitydetails\/golf-dubai\/\">GOLF DUBAI<\/a><\/li>\n<li><a href=\"https:\/\/arabianspirit.com\/en\/activitydetails\/safari-en-buggy\/\">BUGGY SAFARI<\/a><\/li>\n<li><a href=\"https:\/\/arabianspirit.com\/en\/activitydetails\/camel-polo\/\">CAMEL POLO<\/a><\/li>\n<li><a href=\"https:\/\/arabianspirit.com\/en\/activitydetails\/kayak\/\">MANGROVE SEA KAYAKING TOUR<\/a><\/li>\n<li><a href=\"https:\/\/arabianspirit.com\/en\/activitydetails\/tyb-fishing-trip\/\">TYB FISHING TRIP<\/a><\/li>\n<li><a href=\"https:\/\/arabianspirit.com\/en\/activitydetails\/hydravion\/\">SEAPLANE<\/a><\/li>\n<li><a href=\"https:\/\/arabianspirit.com\/en\/activitydetails\/montgolfiere\/\">HOT AIR BALLOON<\/a><\/li>\n<li><a href=\"https:\/\/arabianspirit.com\/en\/activitydetails\/tour-de-dubai-en-helicoptere\/\">HELICOPTER TOUR<\/a><\/li>\n<li><a href=\"https:\/\/arabianspirit.com\/en\/activitydetails\/the_yellow_boats\/\">THE YELLOW BOATS<\/a><\/li>\n<\/ul>\n<h2 class=\"wsp-hotelss-title\">Hotels<\/h2>\n<ul class=\"wsp-hotelss-list\">\n<li><a href=\"https:\/\/arabianspirit.com\/en\/hotels\/wyndham-dubai-marina\/\">Wyndham Dubai Marina<\/a><\/li>\n<li><a href=\"https:\/\/arabianspirit.com\/en\/hotels\/city-max-al-barsha-at-the-mall\/\">City Max Al Barsha At the Mall<\/a><\/li>\n<li><a href=\"https:\/\/arabianspirit.com\/en\/hotels\/citymax-bur-dubai\/\">Citymax Bur Dubai<\/a><\/li>\n<li><a href=\"https:\/\/arabianspirit.com\/en\/hotels\/rove-downtown\/\">Rove Downtown<\/a><\/li>\n<li><a href=\"https:\/\/arabianspirit.com\/en\/hotels\/rove-la-mer\/\">Rove La Mer<\/a><\/li>\n<li><a href=\"https:\/\/arabianspirit.com\/en\/hotels\/rove-citywalk\/\">Rove Citywalk<\/a><\/li>\n<li><a href=\"https:\/\/arabianspirit.com\/en\/hotels\/ibis-al-barsha\/\">Ibis Al Barsha<\/a><\/li>\n<li><a href=\"https:\/\/arabianspirit.com\/en\/hotels\/hyatt-place-jumeirah\/\">Hyatt Place Jumeirah<\/a><\/li>\n<li><a href=\"https:\/\/arabianspirit.com\/en\/hotels\/tryp-by-wydham-tecom\/\">Tryp By Wydham Tecom<\/a><\/li>\n<li><a href=\"https:\/\/arabianspirit.com\/en\/hotels\/novotel-al-barsha\/\">Novotel Al Barsha<\/a><\/li>\n<li><a href=\"https:\/\/arabianspirit.com\/en\/hotels\/millenium-place-barsha-heights\/\">Millenium Place Barsha Heights<\/a><\/li>\n<li><a href=\"https:\/\/arabianspirit.com\/en\/hotels\/the-first-collection-waterfront\/\">The First Collection Waterfront<\/a><\/li>\n<li><a href=\"https:\/\/arabianspirit.com\/en\/hotels\/revier-dubai\/\">Revier Dubai<\/a><\/li>\n<li><a href=\"https:\/\/arabianspirit.com\/en\/hotels\/hotel-boulevard\/\">H\u00f4tel Boulevard<\/a><\/li>\n<li><a href=\"https:\/\/arabianspirit.com\/en\/hotels\/so-uptown-dubai\/\">So Uptown Dubai<\/a><\/li>\n<li><a href=\"https:\/\/arabianspirit.com\/en\/hotels\/paramount-dubai\/\">Paramount Dubai<\/a><\/li>\n<li><a href=\"https:\/\/arabianspirit.com\/en\/hotels\/armani-dubai\/\">Armani Dubai<\/a><\/li>\n<li><a href=\"https:\/\/arabianspirit.com\/en\/hotels\/radisson-blu-waterfront\/\">Radisson Blu Waterfront<\/a><\/li>\n<li><a href=\"https:\/\/arabianspirit.com\/en\/hotels\/address-sky-view\/\">Address Sky View<\/a><\/li>\n<li><a href=\"https:\/\/arabianspirit.com\/en\/hotels\/address-beach-hotel\/\">Address Beach Hotel<\/a><\/li>\n<li><a href=\"https:\/\/arabianspirit.com\/en\/hotels\/palace-downtown\/\">Palace Downtown<\/a><\/li>\n<li><a href=\"https:\/\/arabianspirit.com\/en\/hotels\/ja-ocean-view\/\">Ja Ocean View<\/a><\/li>\n<li><a href=\"https:\/\/arabianspirit.com\/en\/hotels\/sofitel-jumeirah-hotel\/\">Sofitel Jumeirah Hotel<\/a><\/li>\n<li><a href=\"https:\/\/arabianspirit.com\/en\/hotels\/atlantis-the-palm\/\">Atlantis The Palm<\/a><\/li>\n<li><a href=\"https:\/\/arabianspirit.com\/en\/hotels\/fairmont-the-palm\/\">Fairmont the Palm<\/a><\/li>\n<li><a href=\"https:\/\/arabianspirit.com\/en\/hotels\/anantara-the-palm\/\">Anantara the Palm<\/a><\/li>\n<li><a href=\"https:\/\/arabianspirit.com\/en\/hotels\/sofitel-the-palm\/\">Sofitel the Palm<\/a><\/li>\n<li><a href=\"https:\/\/arabianspirit.com\/en\/hotels\/dukes-the-palm\/\">Dukes the Palm<\/a><\/li>\n<li><a href=\"https:\/\/arabianspirit.com\/en\/hotels\/nikki-beach-hotelnikki-beach-hotel\/\">Nikki Beach Hotel<\/a><\/li>\n<\/ul>\n<\/div>\n","protected":false},"excerpt":{"rendered":"Pages Activties Conditions G\u00e9n\u00e9rales Contact Destinations Les \u00e9mirats Oman Groupe Home M.I.C.E News Our hotels Site Map THE AGENCY Posts by category Category: 4 \u00e9toiles Category: 5 \u00e9toiles Category: MICE Category: Oman Category: Qatar Category: United Arab Emirates MICE Business trip Incentives Events Conferences Exclusivites Our Exclusivities Arabian Spirit News 5 fun facts about Duba\u00ef [...]","protected":false},"author":1,"featured_media":0,"parent":0,"menu_order":0,"comment_status":"closed","ping_status":"closed","template":"conditions.php","meta":{"footnotes":""},"class_list":["post-1410","page","type-page","status-publish","hentry"],"_links":{"self":[{"href":"https:\/\/arabianspirit.com\/en\/wp-json\/wp\/v2\/pages\/1410","targetHints":{"allow":["GET"]}}],"collection":[{"href":"https:\/\/arabianspirit.com\/en\/wp-json\/wp\/v2\/pages"}],"about":[{"href":"https:\/\/arabianspirit.com\/en\/wp-json\/wp\/v2\/types\/page"}],"author":[{"embeddable":true,"href":"https:\/\/arabianspirit.com\/en\/wp-json\/wp\/v2\/users\/1"}],"replies":[{"embeddable":true,"href":"https:\/\/arabianspirit.com\/en\/wp-json\/wp\/v2\/comments?post=1410"}],"version-history":[{"count":0,"href":"https:\/\/arabianspirit.com\/en\/wp-json\/wp\/v2\/pages\/1410\/revisions"}],"wp:attachment":[{"href":"https:\/\/arabianspirit.com\/en\/wp-json\/wp\/v2\/media?parent=1410"}],"curies":[{"name":"wp","href":"https:\/\/api.w.org\/{rel}","templated":true}]}}